{"id":907,"date":"2025-07-05T12:20:07","date_gmt":"2025-07-05T12:20:07","guid":{"rendered":"https:\/\/www.sunicimhali.com\/?post_type=product&#038;p=907"},"modified":"2025-07-05T12:20:07","modified_gmt":"2025-07-05T12:20:07","slug":"winter-7mm-marine-back-alev-almaz-beyaz-cim-hali","status":"publish","type":"product","link":"https:\/\/www.sunicimhali.com\/en\/product\/winter-7mm-marine-back-alev-almaz-beyaz-cim-hali\/","title":{"rendered":"Winter 7mm Marine Back Flame Retardant White Grass Carpet"},"content":{"rendered":"<div class=\"product-description\">\n<h2>Winter 7mm Marine Back Flame Retardant White Grass Carpet<\/h2>\n<p><strong>Production Technique:<\/strong> Tufting (Kesik Havl\u0131)<\/p>\n<p><strong>Production Yarn:<\/strong> PE + PP<\/p>\n<p><strong>Yarn Type:<\/strong> 1\/8 Kesik Hav<\/p>\n<p><strong>Color:<\/strong> 1025 Beyaz<\/p>\n<p><strong>Pile Height:<\/strong> 5 mm<\/p>\n<p><strong>Total Height:<\/strong> 7 mm<\/p>\n<p><strong>Pile Weight:<\/strong> 690 gr\/m\u00b2<\/p>\n<p><strong>Total Weight:<\/strong> 1300 gr\/m\u00b2<\/p>\n<p><strong>Back Covering:<\/strong> Alev Almaz Latex<\/p>\n<p><strong>Ball Width:<\/strong> 2 &#8211; 4 m<\/p>\n<p><strong>Top Length:<\/strong> 30 m<\/p>\n<p><strong>Fire Resistance Standard:<\/strong> Cfl-s1<\/p>\n<p><strong>Resistance to UV Rays:<\/strong> \u0130\u00e7 Kullan\u0131ma Uygundur<\/p>\n<h3>Areas of Use<\/h3>\n<ul>\n<li>Indoor event and exhibition spaces<\/li>\n<li>Temporary stage and podium floors<\/li>\n<li>Shopping center and shop window decorations<\/li>\n<li>Stand designs<\/li>\n<li>Interior visual decoration applications<\/li>\n<\/ul>\n<p><strong>Winter 7mm Marine Back Flame Retardant White Grass Carpet<\/strong>It is a safe and aesthetic solution with its non-flammable latex backing and structure suitable for indoors. It makes a difference in event areas with its stylish white color.<\/p>\n<\/div>","protected":false},"excerpt":{"rendered":"<p>Winter 7mm Marine Back Flame Retardant White Grass Carpet is a white grass carpet with flame retardant and special back coating that offers stylish appearance and safety indoors.<\/p>","protected":false},"featured_media":691,"comment_status":"open","ping_status":"closed","template":"","meta":{"saved_in_kubio":false},"product_brand":[],"product_cat":[140],"product_tag":[192,198,197,199,201,86,200,196,202],"class_list":{"0":"post-907","1":"product","2":"type-product","3":"status-publish","4":"has-post-thumbnail","6":"product_cat-cim-hali","7":"product_tag-7mm-cim-hali","8":"product_tag-alev-almaz-cim","9":"product_tag-beyaz-cim-hali","10":"product_tag-cfl-s1-hali","11":"product_tag-dekoratif-fuar-halisi","12":"product_tag-ic-mekan-cimi","13":"product_tag-marine-sirtli-cim","14":"product_tag-winter-7mm-marine-back-alev-almaz-beyaz-cim-hali","15":"product_tag-yangina-dayanikli-hali","17":"first","18":"instock","19":"shipping-taxable","20":"product-type-simple"},"aioseo_notices":[],"_links":{"self":[{"href":"https:\/\/www.sunicimhali.com\/en\/wp-json\/wp\/v2\/product\/907","targetHints":{"allow":["GET"]}}],"collection":[{"href":"https:\/\/www.sunicimhali.com\/en\/wp-json\/wp\/v2\/product"}],"about":[{"href":"https:\/\/www.sunicimhali.com\/en\/wp-json\/wp\/v2\/types\/product"}],"replies":[{"embeddable":true,"href":"https:\/\/www.sunicimhali.com\/en\/wp-json\/wp\/v2\/comments?post=907"}],"wp:featuredmedia":[{"embeddable":true,"href":"https:\/\/www.sunicimhali.com\/en\/wp-json\/wp\/v2\/media\/691"}],"wp:attachment":[{"href":"https:\/\/www.sunicimhali.com\/en\/wp-json\/wp\/v2\/media?parent=907"}],"wp:term":[{"taxonomy":"product_brand","embeddable":true,"href":"https:\/\/www.sunicimhali.com\/en\/wp-json\/wp\/v2\/product_brand?post=907"},{"taxonomy":"product_cat","embeddable":true,"href":"https:\/\/www.sunicimhali.com\/en\/wp-json\/wp\/v2\/product_cat?post=907"},{"taxonomy":"product_tag","embeddable":true,"href":"https:\/\/www.sunicimhali.com\/en\/wp-json\/wp\/v2\/product_tag?post=907"}],"curies":[{"name":"wp","href":"https:\/\/api.w.org\/{rel}","templated":true}]}}