{"id":898,"date":"2025-07-05T12:08:21","date_gmt":"2025-07-05T12:08:21","guid":{"rendered":"https:\/\/www.sunicimhali.com\/?post_type=product&#038;p=898"},"modified":"2025-07-05T12:08:21","modified_gmt":"2025-07-05T12:08:21","slug":"advance-13-210-siyah-cim-hali","status":"publish","type":"product","link":"https:\/\/www.sunicimhali.com\/en\/product\/advance-13-210-siyah-cim-hali\/","title":{"rendered":"Advance 13-210 Black Grass Carpet"},"content":{"rendered":"<div class=\"product-description\">\n<h2>Advance 13-210 Black Grass Carpet<\/h2>\n<p><strong>Production Technique:<\/strong> Tufting (Kesik Havl\u0131)<\/p>\n<p><strong>Production Yarn:<\/strong> PE + PP<\/p>\n<p><strong>Yarn Type:<\/strong> 3 \/ 16 Kesik Hav<\/p>\n<p><strong>Color:<\/strong> Siyah<\/p>\n<p><strong>Pile Height:<\/strong> 13 mm<\/p>\n<p><strong>Total Height:<\/strong> 15 mm<\/p>\n<p><strong>Pile Weight:<\/strong> 1319 gr\/m\u00b2<\/p>\n<p><strong>Total Weight:<\/strong> 2184 gr\/m\u00b2<\/p>\n<p><strong>Back Covering:<\/strong> Poli\u00fcretan<\/p>\n<p><strong>Ball Width:<\/strong> 2 &#8211; 4 m<\/p>\n<p><strong>Top Length:<\/strong> 25 m<\/p>\n<p><strong>Fire Resistance Standard:<\/strong> Efl<\/p>\n<p><strong>Resistance to UV Rays:<\/strong> 3000 Xenon Clock<\/p>\n<p><strong>Sertifikasyon:<\/strong> Uluslararas\u0131 Tenis Federasyonu taraf\u0131ndan onaylanm\u0131\u015ft\u0131r.<\/p>\n<h3>Areas of Use<\/h3>\n<ul>\n<li>Sports fields and tennis courts<\/li>\n<li>Professional event spaces<\/li>\n<li>Decorative indoor and outdoor applications<\/li>\n<li>Fair and exhibition floors<\/li>\n<li>\u00d6zel tasar\u0131m ve vitrin alanlar\u0131<\/li>\n<\/ul>\n<p><strong>Advance 13-210 Black Grass Carpet<\/strong>is a UV and fire resistant product with high quality materials and durability and is suitable for professional use.<\/p>\n<\/div>","protected":false},"excerpt":{"rendered":"<p>Advance 13-210 Black Grass Carpet is a professional flooring solution for sports and decoration areas with its stylish black color and high durability.<\/p>","protected":false},"featured_media":899,"comment_status":"open","ping_status":"closed","template":"","meta":{"saved_in_kubio":false},"product_brand":[],"product_cat":[140],"product_tag":[164,168,170,146,87,172,169,171,96],"class_list":{"0":"post-898","1":"product","2":"type-product","3":"status-publish","4":"has-post-thumbnail","6":"product_cat-cim-hali","7":"product_tag-13mm-cim-hali","8":"product_tag-advance-13-210-siyah-cim-hali","9":"product_tag-dekoratif-siyah-hali","10":"product_tag-efl-standart-hali","11":"product_tag-kesik-havli-cim","12":"product_tag-poliuretan-tabanli-hali","13":"product_tag-siyah-cim-hali","14":"product_tag-tenis-kortu-halisi","15":"product_tag-uv-dayanikli-cim","17":"first","18":"instock","19":"shipping-taxable","20":"product-type-simple"},"aioseo_notices":[],"_links":{"self":[{"href":"https:\/\/www.sunicimhali.com\/en\/wp-json\/wp\/v2\/product\/898","targetHints":{"allow":["GET"]}}],"collection":[{"href":"https:\/\/www.sunicimhali.com\/en\/wp-json\/wp\/v2\/product"}],"about":[{"href":"https:\/\/www.sunicimhali.com\/en\/wp-json\/wp\/v2\/types\/product"}],"replies":[{"embeddable":true,"href":"https:\/\/www.sunicimhali.com\/en\/wp-json\/wp\/v2\/comments?post=898"}],"wp:featuredmedia":[{"embeddable":true,"href":"https:\/\/www.sunicimhali.com\/en\/wp-json\/wp\/v2\/media\/899"}],"wp:attachment":[{"href":"https:\/\/www.sunicimhali.com\/en\/wp-json\/wp\/v2\/media?parent=898"}],"wp:term":[{"taxonomy":"product_brand","embeddable":true,"href":"https:\/\/www.sunicimhali.com\/en\/wp-json\/wp\/v2\/product_brand?post=898"},{"taxonomy":"product_cat","embeddable":true,"href":"https:\/\/www.sunicimhali.com\/en\/wp-json\/wp\/v2\/product_cat?post=898"},{"taxonomy":"product_tag","embeddable":true,"href":"https:\/\/www.sunicimhali.com\/en\/wp-json\/wp\/v2\/product_tag?post=898"}],"curies":[{"name":"wp","href":"https:\/\/api.w.org\/{rel}","templated":true}]}}