{"id":897,"date":"2025-07-05T12:05:22","date_gmt":"2025-07-05T12:05:22","guid":{"rendered":"https:\/\/www.sunicimhali.com\/?post_type=product&#038;p=897"},"modified":"2025-07-05T12:05:23","modified_gmt":"2025-07-05T12:05:23","slug":"advance-13-210-fusya-cim-hali","status":"publish","type":"product","link":"https:\/\/www.sunicimhali.com\/en\/product\/advance-13-210-fusya-cim-hali\/","title":{"rendered":"Advance 13-210 Fuchsia Grass Carpet"},"content":{"rendered":"<div class=\"product-description\">\n<h2>Advance 13-210 Fuchsia Grass Carpet<\/h2>\n<p><strong>Production Technique:<\/strong> Tufting (Kesik Havl\u0131)<\/p>\n<p><strong>Production Yarn:<\/strong> PE + PP<\/p>\n<p><strong>Yarn Type:<\/strong> 3 \/ 16 Kesik Hav<\/p>\n<p><strong>Color:<\/strong> Fu\u015fya<\/p>\n<p><strong>Pile Height:<\/strong> 13 mm<\/p>\n<p><strong>Total Height:<\/strong> 15 mm<\/p>\n<p><strong>Pile Weight:<\/strong> 1319 gr\/m\u00b2<\/p>\n<p><strong>Total Weight:<\/strong> 2184 gr\/m\u00b2<\/p>\n<p><strong>Back Covering:<\/strong> Poli\u00fcretan<\/p>\n<p><strong>Ball Width:<\/strong> 2 &#8211; 4 m<\/p>\n<p><strong>Top Length:<\/strong> 25 m<\/p>\n<p><strong>Fire Resistance Standard:<\/strong> Efl<\/p>\n<p><strong>Resistance to UV Rays:<\/strong> 3000 Xenon Clock<\/p>\n<p><strong>Sertifikasyon:<\/strong> Uluslararas\u0131 Tenis Federasyonu taraf\u0131ndan onayl\u0131d\u0131r.<\/p>\n<h3>Areas of Use<\/h3>\n<ul>\n<li>Event and stage floors<\/li>\n<li>Visual showcase decorations<\/li>\n<li>Special floor coverings in fashion and design areas<\/li>\n<li>Fair and exhibition areas<\/li>\n<li>Tennis courts and similar sportive areas<\/li>\n<\/ul>\n<p><strong>Advance 13-210 Fuchsia Grass Carpet<\/strong>It offers both decorative and professional use with its UV and fire resistant structure, dense weight and high pile thickness. It can also be safely preferred in sports fields with its International Tennis Federation approved structure.<\/p>\n<\/div>","protected":false},"excerpt":{"rendered":"<p>Advance 13-210 Fuchsia Grass Carpet is a remarkable solution for event spaces and special decoration applications with its dense structure and vibrant color.<\/p>","protected":false},"featured_media":694,"comment_status":"open","ping_status":"closed","template":"","meta":{"saved_in_kubio":false},"product_brand":[],"product_cat":[140],"product_tag":[164,162,80,156,163,87,166,93,165,167],"class_list":{"0":"post-897","1":"product","2":"type-product","3":"status-publish","4":"has-post-thumbnail","6":"product_cat-cim-hali","7":"product_tag-13mm-cim-hali","8":"product_tag-advance-13-210-fusya-cim-hali","9":"product_tag-dekoratif-cim","10":"product_tag-efl-hali","11":"product_tag-fusya-cim-hali","12":"product_tag-kesik-havli-cim","13":"product_tag-poliuretan-tabanli-cim","14":"product_tag-renkli-cim-hali","15":"product_tag-tenis-kortu-cimi","16":"product_tag-uv-dayanikli-hali","18":"first","19":"instock","20":"shipping-taxable","21":"product-type-simple"},"aioseo_notices":[],"_links":{"self":[{"href":"https:\/\/www.sunicimhali.com\/en\/wp-json\/wp\/v2\/product\/897","targetHints":{"allow":["GET"]}}],"collection":[{"href":"https:\/\/www.sunicimhali.com\/en\/wp-json\/wp\/v2\/product"}],"about":[{"href":"https:\/\/www.sunicimhali.com\/en\/wp-json\/wp\/v2\/types\/product"}],"replies":[{"embeddable":true,"href":"https:\/\/www.sunicimhali.com\/en\/wp-json\/wp\/v2\/comments?post=897"}],"wp:featuredmedia":[{"embeddable":true,"href":"https:\/\/www.sunicimhali.com\/en\/wp-json\/wp\/v2\/media\/694"}],"wp:attachment":[{"href":"https:\/\/www.sunicimhali.com\/en\/wp-json\/wp\/v2\/media?parent=897"}],"wp:term":[{"taxonomy":"product_brand","embeddable":true,"href":"https:\/\/www.sunicimhali.com\/en\/wp-json\/wp\/v2\/product_brand?post=897"},{"taxonomy":"product_cat","embeddable":true,"href":"https:\/\/www.sunicimhali.com\/en\/wp-json\/wp\/v2\/product_cat?post=897"},{"taxonomy":"product_tag","embeddable":true,"href":"https:\/\/www.sunicimhali.com\/en\/wp-json\/wp\/v2\/product_tag?post=897"}],"curies":[{"name":"wp","href":"https:\/\/api.w.org\/{rel}","templated":true}]}}